{"id":1207,"date":"2024-08-06T13:39:19","date_gmt":"2024-08-06T11:39:19","guid":{"rendered":"https:\/\/www.nurselifeblog.it\/?page_id=1207"},"modified":"2024-08-11T15:53:20","modified_gmt":"2024-08-11T13:53:20","slug":"1207-2","status":"publish","type":"page","link":"https:\/\/www.nurselifeblog.it\/?page_id=1207","title":{"rendered":""},"content":{"rendered":"<section class=\"wpb-content-wrapper\"><p>[vc_row full_width=\"stretch_row_content\" vc_row_background=\"\"][vc_column][vc_row_inner css=\".vc_custom_1723212727735{background-color: #fa3a45 !important;}\"][vc_column_inner width=\"5\/6\"][vc_custom_heading text=\"NON PERDERE QUESTA OCCASIONE! POSTI LIMITATI!\" font_container=\"tag:h2|text_align:center|color:%23ffffff\" google_fonts=\"font_family:Fredoka%20One%3Aregular|font_style:400%20regular%3A400%3Anormal\"][\/vc_column_inner][vc_column_inner width=\"1\/6\"][vc_btn title=\"ISCRIVITI ORA\" color=\"primary\" align=\"center\" css=\".vc_custom_1723212871943{margin-top: 25px !important;}\" link=\"url:%23form|rel:nofollow\"][\/vc_column_inner][\/vc_row_inner][vc_empty_space][vc_custom_heading text=\"CHI SIAMO\" font_container=\"tag:h2|text_align:center\"][vc_empty_space][\/vc_column][\/vc_row][vc_row vc_row_background=\"\"][vc_column][vc_cta h2=\"\" css=\".vc_custom_1723140131249{background-color: #fa3a45 !important;border-radius: 10px !important;}\"]<\/p>\r\n<p style=\"color: white; font-size: 20px; vertical-align: middle;\"><span style=\"text-decoration: underline;\">NurseLife \u00e8 una realt\u00e0 leader nel settore infermieristico e medico<\/span><span style=\"vertical-align: middle;\">, specializzata nella formazione<\/span><\/p>\r\n<p>[\/vc_cta][vc_cta h2=\"\" css=\".vc_custom_1723187545538{background-color: #f78387 !important;border-radius: 10px !important;}\"]<\/p>\r\n<p style=\"color: white; font-size: 20px; vertical-align: middle;\"><span style=\"text-decoration: underline;\">Con un'ampia gamma di corsi di formazione<\/span><span style=\"vertical-align: middle;\">, NurseLife offre programmi certificati di altissimo livello.<\/span><\/p>\r\n<p>[\/vc_cta][vc_cta h2=\"\" css=\".vc_custom_1723187558232{background-color: #fa3a45 !important;border-radius: 10px !important;}\"]<\/p>\r\n<p style=\"color: white; font-size: 20px; vertical-align: middle;\"><span style=\"text-decoration: underline;\">L'azienda si distingue per l'eccellenza nella didattica<\/span><span style=\"vertical-align: middle;\">, grazie a un team di esperti qualificati.<\/span><\/p>\r\n<p>[\/vc_cta][\/vc_column][\/vc_row][vc_row][vc_column][vc_single_image image=\"1210\" img_size=\"full\" alignment=\"center\"][\/vc_column][\/vc_row][vc_row full_width=\"stretch_row_content\" vc_row_background=\"\" css=\".vc_custom_1723213815962{background-color: #fa3a45 !important;}\"][vc_column width=\"5\/6\"][vc_custom_heading text=\"SCOPRI LE DATE E I LUOGHI DISPONIBILI!\" font_container=\"tag:h2|text_align:center|color:%23ffffff\" google_fonts=\"font_family:Fredoka%20One%3Aregular|font_style:400%20regular%3A400%3Anormal\"][\/vc_column][vc_column width=\"1\/6\"][vc_btn title=\"ISCRIVITI ORA\" color=\"primary\" align=\"center\" css=\".vc_custom_1723214149293{margin-top: 25px !important;}\" link=\"url:%23form|rel:nofollow\"][\/vc_column][\/vc_row][vc_row][vc_column][vc_row_inner][vc_column_inner][vc_empty_space][vc_custom_heading text=\"DESCRIZIONE\" font_container=\"tag:h2|text_align:center\"][vc_column_text]Il nostro corso BLSD (Basic Life Support and Defibrillation) e PBLSD (Pediatric Basic Life Support and Defibrillation) \u00e8 progettato per fornire ai partecipanti le competenze necessarie per intervenire prontamente in situazioni di emergenza. Durante il corso, verranno trattati i seguenti argomenti principali:[\/vc_column_text][\/vc_column_inner][\/vc_row_inner][\/vc_column][\/vc_row][vc_row vc_row_background=\"\" css=\".vc_custom_1723021540357{border-radius: 10px !important;}\"][vc_column width=\"1\/2\"][vc_cta h2=\"Rianimazione Cardio-Polmonare (RCP)\" h2_font_container=\"tag:h2|text_align:center|color:%23ffffff\" h2_google_fonts=\"font_family:Fredoka%20One%3Aregular|font_style:400%20regular%3A400%3Anormal\" txt_align=\"center\" add_icon=\"top\" i_icon_fontawesome=\"fas fa-heartbeat\" i_color=\"white\" use_custom_fonts_h2=\"true\" css=\".vc_custom_1723021531032{margin-top: 10px !important;background-color: #fa3a45 !important;}\"][\/vc_cta][\/vc_column][vc_column width=\"1\/2\"][vc_cta h2=\"Uso del Defibrillatore (DAE)\" h2_font_container=\"tag:h2|text_align:center|color:%23ffffff\" h2_google_fonts=\"font_family:Fredoka%20One%3Aregular|font_style:400%20regular%3A400%3Anormal\" txt_align=\"center\" add_icon=\"top\" i_icon_fontawesome=\"fas fa-first-aid\" i_color=\"white\" use_custom_fonts_h2=\"true\" css=\".vc_custom_1723021637824{margin-top: 10px !important;background-color: #fa3a45 !important;border-radius: 10px !important;}\"][\/vc_cta][\/vc_column][\/vc_row][vc_row vc_row_background=\"\"][vc_column width=\"1\/2\"][vc_cta h2=\"Gestione delle Vie Aeree\" h2_font_container=\"tag:h2|text_align:center|color:%23ffffff\" h2_google_fonts=\"font_family:Fredoka%20One%3Aregular|font_style:400%20regular%3A400%3Anormal\" txt_align=\"center\" add_icon=\"top\" i_icon_fontawesome=\"fas fa-wind\" i_color=\"white\" use_custom_fonts_h2=\"true\" css=\".vc_custom_1723021708469{background-color: #fa3a45 !important;border-radius: 10px !important;}\"][\/vc_cta][\/vc_column][vc_column width=\"1\/2\"][vc_cta h2=\"Emergenze Pediatriche\" h2_font_container=\"tag:h2|text_align:center|color:%23ffffff\" h2_google_fonts=\"font_family:Fredoka%20One%3Aregular|font_style:400%20regular%3A400%3Anormal\" txt_align=\"center\" add_icon=\"top\" i_icon_fontawesome=\"fas fa-award\" i_color=\"white\" use_custom_fonts_h2=\"true\" css=\".vc_custom_1723021821752{background-color: #fa3a45 !important;border-radius: 10px !important;}\"][\/vc_cta][\/vc_column][\/vc_row][vc_row full_width=\"stretch_row_content\" equal_height=\"yes\" vc_row_background=\"\" css=\".vc_custom_1723121528360{background-image: url(https:\/\/www.nurselifeblog.it\/wp-content\/uploads\/2024\/08\/sfondo_nurselife.png?id=1224) !important;}\"][vc_column width=\"2\/3\"][vc_custom_heading text=\"CERTIFICAZIONE\" font_container=\"tag:h2|text_align:center\"][vc_column_text]<\/p>\r\n<h3>Questo corso \u00e8 <strong>certificato dall'American Heart Association (AHA)<\/strong>, una delle organizzazioni leader a livello mondiale nella formazione e nella ricerca sulle emergenze cardiologiche. La certificazione AHA \u00e8 riconosciuta a livello internazionale e garantisce che i partecipanti ricevano una formazione di alta qualit\u00e0 basata sulle ultime linee guida e raccomandazioni cliniche. Al termine del corso, i partecipanti riceveranno un attestato di partecipazione che attesta le competenze acquisite, valido per le esigenze lavorative e personali.<\/h3>\r\n<h3><\/h3>\r\n<h3>Il corso \u00e8 rivolto a tutti, dai laici ai professionisti sanitari, e non richiede conoscenze o esperienze pregresse. L'obiettivo \u00e8 fornire gli strumenti necessari per agire con sicurezza e tempestivit\u00e0 in situazioni critiche, salvaguardando la vita di chiunque possa trovarsi in difficolt\u00e0.<\/h3>\r\n<p>[\/vc_column_text][\/vc_column][vc_column width=\"1\/3\"][vc_single_image image=\"1229\" img_size=\"medium\" alignment=\"center\" css=\".vc_custom_1723122493230{margin-top: 50px !important;}\"][\/vc_column][\/vc_row][vc_row vc_row_background=\"\"][vc_column width=\"1\/6\"][vc_empty_space][vc_empty_space][vc_empty_space][\/vc_column][vc_column width=\"2\/3\"][vc_empty_space][vc_empty_space][vc_empty_space][vc_row_inner css=\".vc_custom_1723217599507{background-image: url(https:\/\/www.nurselifeblog.it\/wp-content\/uploads\/2024\/08\/sfondo_prezzo_nurselife.png?id=1298) !important;border-radius: 10px !important;}\"][vc_column_inner][vc_single_image image=\"1294\" img_size=\"50x50\" alignment=\"center\" css=\".vc_custom_1723217085496{margin-top: 25px !important;}\"][\/vc_column_inner][vc_column_inner][vc_single_image image=\"1295\" img_size=\"medium\" alignment=\"center\"][\/vc_column_inner][vc_column_inner][vc_column_text]<\/p>\r\n<p style=\"color: white; font-size: 20px; text-align: center;\">Questo prezzo include una serie di elementi fondamentali che garantiscono un'esperienza didattica completa e professionalizzante:<\/p>\r\n<ul>\r\n<li style=\"list-style-type: none;\">\r\n<ul>\r\n<li style=\"color: white; font-size: 20px; text-align: center;\"><strong>Materiali Didattici<\/strong><\/li>\r\n<li style=\"color: white; font-size: 20px; text-align: center;\"><strong>Attrezzature di Alta Qualit\u00e0<\/strong><\/li>\r\n<li style=\"color: white; font-size: 20px; text-align: center;\"><strong>Certificazione Riconosciuta<\/strong><\/li>\r\n<li style=\"color: white; font-size: 20px; text-align: center;\"><strong>Formatori Esperti<\/strong><\/li>\r\n<li style=\"color: white; font-size: 20px; text-align: center;\"><strong>Supporto Post-Corso<\/strong><\/li>\r\n<\/ul>\r\n<\/li>\r\n<\/ul>\r\n<p>[\/vc_column_text][\/vc_column_inner][vc_column_inner][vc_btn title=\"ISCRIVITI ORA\" color=\"primary\" size=\"lg\" align=\"center\" link=\"url:%23form|rel:nofollow\"][\/vc_column_inner][\/vc_row_inner][vc_empty_space][vc_empty_space][vc_empty_space][\/vc_column][vc_column width=\"1\/6\"][vc_empty_space][vc_empty_space][\/vc_column][\/vc_row][vc_row full_width=\"stretch_row_content\" equal_height=\"yes\" content_placement=\"middle\" vc_row_background=\"\" css=\".vc_custom_1723122090763{background-image: url(https:\/\/www.nurselifeblog.it\/wp-content\/uploads\/2024\/08\/sfondo_nurselife2.png?id=1225) !important;}\"][vc_column width=\"1\/4\"][vc_single_image image=\"1231\" img_size=\"medium\" alignment=\"center\" css=\".vc_custom_1723122481096{margin-top: 50px !important;}\"][\/vc_column][vc_column width=\"3\/4\"][vc_custom_heading text=\"DOCENTI E ISTRUTTORI\" font_container=\"tag:h2|text_align:center\"][vc_column_text]<\/p>\r\n<h3><\/h3>\r\n<h3>Tutti i nostri corsi BLSD e PBLSD sono tenuti da un team di <strong>medici e infermieri altamente qualificati<\/strong>, con una vasta esperienza nel settore dell'area critica. Questi professionisti hanno lavorato in prima linea in contesti di emergenza, terapia intensiva e pronto soccorso, acquisendo competenze pratiche e teoriche di altissimo livello.<\/h3>\r\n<h3><\/h3>\r\n\r\n<h3>I nostri istruttori sono non solo esperti nel loro campo, ma anche <strong>giovani e dinamici<\/strong>, portando con s\u00e9 un'energia e una passione contagiose per l'insegnamento. La loro esperienza diretta e attuale nel gestire situazioni di emergenza garantisce che i partecipanti ricevano una formazione basata sulle pratiche pi\u00f9 moderne e efficaci.<\/h3>\r\n<h3><\/h3>\r\n\r\n<h3>Il team si impegna a creare un ambiente di apprendimento coinvolgente e interattivo, dove ogni partecipante pu\u00f2 acquisire le competenze necessarie in modo sicuro e fiducioso. Grazie al loro approccio didattico e alla capacit\u00e0 di adattarsi alle esigenze di ogni studente, i nostri istruttori assicurano che ciascuno possa trarre il massimo beneficio dal corso, preparandosi a gestire situazioni critiche con competenza e calma.<\/h3>\r\n<p>[\/vc_column_text][\/vc_column][\/vc_row][vc_row][vc_column][vc_raw_html]JTNDZGl2JTIwY2xhc3MlM0QlMjJ3cC1ibG9jay1wczJpZC1ibG9jay10YXJnZXQlMjIlMjBpZCUzRCUyMmZvcm0lMjIlM0UlM0MlMkZkaXYlM0U=[\/vc_raw_html][\/vc_column][\/vc_row][vc_row vc_row_background=\"\"][vc_column width=\"1\/2\"][vc_empty_space][vc_custom_heading text=\"ORARIO\" font_container=\"tag:h2|text_align:center\"][vc_cta h2=\"\" txt_align=\"center\" css=\".vc_custom_1723369218120{background-color: #fa3a45 !important;border-radius: 10px !important;}\"]<\/p>\r\n<p style=\"color: white; font-size: 20px; text-align: center;\">Il corso BLSD si svolger\u00e0 <strong><u>dalle 08:15 alle 16:15<\/u><\/strong>. Ti aspettiamo per una giornata completa di formazione.<\/p>\r\n<p>[\/vc_cta][\/vc_column][vc_column width=\"1\/2\"][vc_empty_space][vc_custom_heading text=\"IN PRESENZA\" font_container=\"tag:h2|text_align:center\"][vc_cta h2=\"\" css=\".vc_custom_1723369226935{background-color: #fa3a45 !important;border-radius: 10px !important;}\"]<\/p>\r\n<p style=\"color: white; font-size: 20px; text-align: center;\">Il corso BLSD\/PLSD si svolger\u00e0 <strong><u>in presenza<\/u><\/strong>. Ti aspettiamo per partecipare alle sessioni pratiche e teoriche.<\/p>\r\n<p>[\/vc_cta][\/vc_column][\/vc_row][vc_row][vc_column][vc_raw_html]JTNDc2NyaXB0JTIwdHlwZSUzRCUyMnRleHQlMkZqYXZhc2NyaXB0JTIyJTIwc3JjJTNEJTIyaHR0cHMlM0ElMkYlMkZmb3JtLmpvdGZvcm0uY29tJTJGanNmb3JtJTJGMjQyMjIzODE1NTIwMzQ2JTIyJTNFJTNDJTJGc2NyaXB0JTNF[\/vc_raw_html][\/vc_column][\/vc_row][vc_row vc_row_background=\"\"][vc_column][vc_custom_heading text=\"FAQ\"][vc_empty_space][vc_toggle title=\"Chi pu\u00f2 partecipare al corso BLSD e PBLSD?\" style=\"arrow\" color=\"white\" custom_font_container=\"tag:h4|text_align:left|color:%23ffffff\" custom_google_fonts=\"font_family:Fredoka%20One%3Aregular|font_style:400%20regular%3A400%3Anormal\" use_custom_heading=\"true\" css=\".vc_custom_1723188624397{padding-top: 20px !important;padding-right: 20px !important;padding-bottom: 20px !important;padding-left: 20px !important;background-color: #fa3a45 !important;border-radius: 10px !important;}\"]<\/p>\r\n<p style=\"color: white;\">Il corso \u00e8 aperto a tutti come medici, infermieri, operatori sanitari e laici<\/p>\r\n<p>[\/vc_toggle][\/vc_column][\/vc_row][vc_row][vc_column][vc_toggle title=\"Quanto dura il corso?\" style=\"arrow\" color=\"white\" custom_font_container=\"tag:h4|text_align:left|color:%23ffffff\" custom_google_fonts=\"font_family:Fredoka%20One%3Aregular|font_style:400%20regular%3A400%3Anormal\" use_custom_heading=\"true\" css=\".vc_custom_1723190025051{padding-top: 20px !important;padding-right: 20px !important;padding-bottom: 20px !important;padding-left: 20px !important;background-color: #fa3a45 !important;border-radius: 10px !important;}\"]<\/p>\r\n<p style=\"color: white;\">La durata del corso varia, ma generalmente si estende su una giornata intera, con sessioni teoriche e pratiche.<\/p>\r\n<p>[\/vc_toggle][\/vc_column][\/vc_row][vc_row][vc_column][vc_toggle title=\"Cosa include il corso?\" style=\"arrow\" color=\"white\" custom_font_container=\"tag:h4|text_align:left|color:%23ffffff\" custom_google_fonts=\"font_family:Fredoka%20One%3Aregular|font_style:400%20regular%3A400%3Anormal\" use_custom_heading=\"true\" css=\".vc_custom_1723190032398{padding-top: 20px !important;padding-right: 20px !important;padding-bottom: 20px !important;padding-left: 20px !important;background-color: #fa3a45 !important;border-radius: 10px !important;}\"]<\/p>\r\n<p style=\"color: white;\">Il corso include lezioni teoriche, esercitazioni pratiche di rianimazione cardiopolmonare (RCP), uso del defibrillatore automatico esterno (DAE), e gestione delle emergenze pediatriche.<\/p>\r\n<p>[\/vc_toggle][\/vc_column][\/vc_row][vc_row][vc_column][vc_toggle title=\"Ricever\u00f2 una certificazione alla fine del corso?\" style=\"arrow\" color=\"white\" custom_font_container=\"tag:h4|text_align:left|color:%23ffffff\" custom_google_fonts=\"font_family:Fredoka%20One%3Aregular|font_style:400%20regular%3A400%3Anormal\" use_custom_heading=\"true\" css=\".vc_custom_1723190039074{padding-top: 20px !important;padding-right: 20px !important;padding-bottom: 20px !important;padding-left: 20px !important;background-color: #fa3a45 !important;border-radius: 10px !important;}\"]<\/p>\r\n<p style=\"color: white;\">S\u00ec, al termine del corso, i partecipanti riceveranno una certificazione dall'American Heart Association (AHA), riconosciuta a livello internazionale.<\/p>\r\n<p>[\/vc_toggle][vc_toggle title=\"\u00c8 necessario avere esperienza precedente per partecipare?\" style=\"arrow\" color=\"white\" custom_font_container=\"tag:h4|text_align:left|color:%23ffffff\" custom_google_fonts=\"font_family:Fredoka%20One%3Aregular|font_style:400%20regular%3A400%3Anormal\" use_custom_heading=\"true\" css=\".vc_custom_1723190046062{padding-top: 20px !important;padding-right: 20px !important;padding-bottom: 20px !important;padding-left: 20px !important;background-color: #fa3a45 !important;border-radius: 10px !important;}\"]<\/p>\r\n<p style=\"color: white;\">No, non \u00e8 richiesta alcuna esperienza precedente. Il corso \u00e8 progettato per essere accessibile a tutti, indipendentemente dal background.<\/p>\r\n<p>[\/vc_toggle][vc_toggle title=\"Il corso include una componente pratica?\" style=\"arrow\" color=\"white\" custom_font_container=\"tag:h4|text_align:left|color:%23ffffff\" custom_google_fonts=\"font_family:Fredoka%20One%3Aregular|font_style:400%20regular%3A400%3Anormal\" use_custom_heading=\"true\" css=\".vc_custom_1723190053134{padding-top: 20px !important;padding-right: 20px !important;padding-bottom: 20px !important;padding-left: 20px !important;background-color: #fa3a45 !important;border-radius: 10px !important;}\"]<\/p>\r\n<p style=\"color: white;\">S\u00ec, una parte significativa del corso \u00e8 dedicata alle esercitazioni pratiche, incluse le tecniche di RCP e l'uso del defibrillatore.<\/p>\r\n<p>[\/vc_toggle][vc_toggle title=\"Cosa devo portare al corso?\" style=\"arrow\" color=\"white\" custom_font_container=\"tag:h4|text_align:left|color:%23ffffff\" custom_google_fonts=\"font_family:Fredoka%20One%3Aregular|font_style:400%20regular%3A400%3Anormal\" use_custom_heading=\"true\" css=\".vc_custom_1723190063622{padding-top: 20px !important;padding-right: 20px !important;padding-bottom: 20px !important;padding-left: 20px !important;background-color: #fa3a45 !important;border-radius: 10px !important;}\"]<\/p>\r\n<p style=\"color: white;\">Si consiglia di indossare abbigliamento comodo. Tutti i materiali didattici necessari saranno forniti durante il corso.<\/p>\r\n<p>[\/vc_toggle][vc_toggle title=\"Qual \u00e8 la differenza tra BLSD e PBLSD?\" style=\"arrow\" color=\"white\" custom_font_container=\"tag:h4|text_align:left|color:%23ffffff\" custom_google_fonts=\"font_family:Fredoka%20One%3Aregular|font_style:400%20regular%3A400%3Anormal\" use_custom_heading=\"true\" css=\".vc_custom_1723190069934{padding-top: 20px !important;padding-right: 20px !important;padding-bottom: 20px !important;padding-left: 20px !important;background-color: #fa3a45 !important;border-radius: 10px !important;}\"]<\/p>\r\n<p style=\"color: white;\">Il BLSD si focalizza sulle tecniche di supporto vitale per adulti, mentre il PBLSD si concentra su tecniche specifiche per bambini e lattanti.<\/p>\r\n<p>[\/vc_toggle][vc_toggle title=\"Quanto tempo \u00e8 valida la certificazione?\" style=\"arrow\" color=\"white\" custom_font_container=\"tag:h4|text_align:left|color:%23ffffff\" custom_google_fonts=\"font_family:Fredoka%20One%3Aregular|font_style:400%20regular%3A400%3Anormal\" use_custom_heading=\"true\" css=\".vc_custom_1723190076766{padding-top: 20px !important;padding-right: 20px !important;padding-bottom: 20px !important;padding-left: 20px !important;background-color: #fa3a45 !important;border-radius: 10px !important;}\"]<\/p>\r\n<p style=\"color: white;\">La certificazione ha una validit\u00e0 di due anni, dopo i quali \u00e8 consigliato un aggiornamento per mantenere le competenze attuali.<\/p>\r\n<p>[\/vc_toggle][vc_toggle title=\"Come posso iscrivermi al corso?\" style=\"arrow\" color=\"white\" custom_font_container=\"tag:h4|text_align:left|color:%23ffffff\" custom_google_fonts=\"font_family:Fredoka%20One%3Aregular|font_style:400%20regular%3A400%3Anormal\" use_custom_heading=\"true\" css=\".vc_custom_1723190082222{padding-top: 20px !important;padding-right: 20px !important;padding-bottom: 20px !important;padding-left: 20px !important;background-color: #fa3a45 !important;border-radius: 10px !important;}\"]<\/p>\r\n<p style=\"color: white;\">Puoi iscriverti al corso compilando il modulo di iscrizione online sul nostro sito web o contattandoci direttamente tramite email o telefono per ulteriori informazioni.<\/p>\r\n<p>[\/vc_toggle][vc_toggle title=\"Cosa posso fare dopo aver completato il corso BLSD?\" style=\"arrow\" color=\"white\" custom_font_container=\"tag:h4|text_align:left|color:%23ffffff\" custom_google_fonts=\"font_family:Fredoka%20One%3Aregular|font_style:400%20regular%3A400%3Anormal\" use_custom_heading=\"true\" css=\".vc_custom_1723190088462{padding-top: 20px !important;padding-right: 20px !important;padding-bottom: 20px !important;padding-left: 20px !important;background-color: #fa3a45 !important;border-radius: 10px !important;}\"]<\/p>\r\n<p style=\"color: white;\">Dopo aver partecipato al corso BLSD, avrai le competenze di base per affrontare emergenze cardiache e potrai iscriverti al corso ACLS (Advanced Cardiovascular Life Support) per approfondire le tecniche avanzate di gestione delle emergenze cardiovascolari.<\/p>\r\n<p>[\/vc_toggle][\/vc_column][\/vc_row][vc_row][vc_column width=\"1\/2\"][vc_video link=\"https:\/\/www.youtube.com\/watch?v=-G59EJ2mShM&amp;t=37s\"][\/vc_column][vc_column width=\"1\/2\"][vc_video link=\"https:\/\/www.youtube.com\/watch?v=NR3bwZhO1eo\"][\/vc_column][\/vc_row]<\/p><\/section>","protected":false},"excerpt":{"rendered":"<p>[vc_row full_width=\"stretch_row_content\" vc_row_background=\"\"][vc_column][vc_row_inner css=\".vc_custom_1723212727735{background-color: #fa3a45 !important;}\"][vc_column_inner width=\"5\/6\"][vc_custom_heading text=\"NON PERDERE QUESTA OCCASIONE! POSTI LIMITATI!\" font_container=\"tag:h2|text_align:center|color:%23ffffff\" google_fonts=\"font_family:Fredoka%20One%3Aregular|font_style:400%20regular%3A400%3Anormal\"][\/vc_column_inner][vc_column_inner width=\"1\/6\"][vc_btn title=\"ISCRIVITI ORA\" color=\"primary\" align=\"center\" css=\".vc_custom_1723212871943{margin-top: 25px !important;}\" link=\"url:%23form|rel:nofollow\"][\/vc_column_inner][\/vc_row_inner][vc_empty_space][vc_custom_heading text=\"CHI SIAMO\" font_container=\"tag:h2|text_align:center\"][vc_empty_space][\/vc_column][\/vc_row][vc_row vc_row_background=\"\"][vc_column][vc_cta h2=\"\" css=\".vc_custom_1723140131249{background-color: #fa3a45 !important;border-radius: 10px !important;}\"] NurseLife \u00e8 una realt\u00e0 leader nel settore infermieristico e medico, specializzata nella formazione [\/vc_cta][vc_cta h2=\"\" css=\".vc_custom_1723187545538{background-color: #f78387 !important;border-radius: 10px !important;}\"] Con [&hellip;]<\/p>\n","protected":false},"author":1,"featured_media":0,"parent":0,"menu_order":0,"comment_status":"closed","ping_status":"closed","template":"","meta":{"footnotes":""},"class_list":["post-1207","page","type-page","status-publish","hentry"],"_links":{"self":[{"href":"https:\/\/www.nurselifeblog.it\/index.php?rest_route=\/wp\/v2\/pages\/1207","targetHints":{"allow":["GET"]}}],"collection":[{"href":"https:\/\/www.nurselifeblog.it\/index.php?rest_route=\/wp\/v2\/pages"}],"about":[{"href":"https:\/\/www.nurselifeblog.it\/index.php?rest_route=\/wp\/v2\/types\/page"}],"author":[{"embeddable":true,"href":"https:\/\/www.nurselifeblog.it\/index.php?rest_route=\/wp\/v2\/users\/1"}],"replies":[{"embeddable":true,"href":"https:\/\/www.nurselifeblog.it\/index.php?rest_route=%2Fwp%2Fv2%2Fcomments&post=1207"}],"version-history":[{"count":129,"href":"https:\/\/www.nurselifeblog.it\/index.php?rest_route=\/wp\/v2\/pages\/1207\/revisions"}],"predecessor-version":[{"id":1368,"href":"https:\/\/www.nurselifeblog.it\/index.php?rest_route=\/wp\/v2\/pages\/1207\/revisions\/1368"}],"wp:attachment":[{"href":"https:\/\/www.nurselifeblog.it\/index.php?rest_route=%2Fwp%2Fv2%2Fmedia&parent=1207"}],"curies":[{"name":"wp","href":"https:\/\/api.w.org\/{rel}","templated":true}]}}